{"id":331,"date":"2022-01-13T21:32:23","date_gmt":"2022-01-13T21:32:23","guid":{"rendered":"https:\/\/safeimpactwindows.com\/?post_type=product&#038;p=331"},"modified":"2022-01-28T02:22:14","modified_gmt":"2022-01-28T02:22:14","slug":"es-fx3050-ventana-fija","status":"publish","type":"product","link":"https:\/\/safeimpactwindows.com\/es\/producto\/es-fx3050-ventana-fija\/","title":{"rendered":"ES-FX3050 Ventana Fija"},"content":{"rendered":"","protected":false},"excerpt":{"rendered":"<p><span style=\"font-weight: 400;\">La ventana fija ES-FX3050 es una pared de vidrio que no tiene perfiles verticales de aluminio. El resultado es m\u00e1s vidrio y una vista sin ning\u00fan tipo de obst\u00e1culos. <\/span><\/p>\n<p><span style=\"font-weight: 400;\">Tama\u00f1o m\u00e1ximo: 60\u201d ancho x 144\u201d alto. <\/span><\/p>","protected":false},"featured_media":332,"comment_status":"open","ping_status":"closed","template":"","meta":{"_et_pb_use_builder":"off","_et_pb_old_content":"<span style=\"font-weight: 400\">La ventana fija ES-FX3050 es una pared de vidrio que no tiene perfiles verticales de aluminio. El resultado es m\u00e1s vidrio y una vista sin ning\u00fan tipo de obst\u00e1culos. <\/span>\r\n\r\n<span style=\"font-weight: 400\">Tama\u00f1o m\u00e1ximo: 60\u201d ancho x 144\u201d alto.<\/span>","_et_gb_content_width":""},"product_brand":[],"product_cat":[23,20,21],"product_tag":[],"class_list":{"0":"post-331","1":"product","2":"type-product","3":"status-publish","4":"has-post-thumbnail","6":"product_cat-ventanas-prestige","7":"product_cat-productos-residenciales","8":"product_cat-ventanas-residenciales","10":"first","11":"instock","12":"virtual","13":"product-type-simple"},"_links":{"self":[{"href":"https:\/\/safeimpactwindows.com\/es\/wp-json\/wp\/v2\/product\/331","targetHints":{"allow":["GET"]}}],"collection":[{"href":"https:\/\/safeimpactwindows.com\/es\/wp-json\/wp\/v2\/product"}],"about":[{"href":"https:\/\/safeimpactwindows.com\/es\/wp-json\/wp\/v2\/types\/product"}],"replies":[{"embeddable":true,"href":"https:\/\/safeimpactwindows.com\/es\/wp-json\/wp\/v2\/comments?post=331"}],"wp:featuredmedia":[{"embeddable":true,"href":"https:\/\/safeimpactwindows.com\/es\/wp-json\/wp\/v2\/media\/332"}],"wp:attachment":[{"href":"https:\/\/safeimpactwindows.com\/es\/wp-json\/wp\/v2\/media?parent=331"}],"wp:term":[{"taxonomy":"product_brand","embeddable":true,"href":"https:\/\/safeimpactwindows.com\/es\/wp-json\/wp\/v2\/product_brand?post=331"},{"taxonomy":"product_cat","embeddable":true,"href":"https:\/\/safeimpactwindows.com\/es\/wp-json\/wp\/v2\/product_cat?post=331"},{"taxonomy":"product_tag","embeddable":true,"href":"https:\/\/safeimpactwindows.com\/es\/wp-json\/wp\/v2\/product_tag?post=331"}],"curies":[{"name":"wp","href":"https:\/\/api.w.org\/{rel}","templated":true}]}}