{"id":337,"date":"2022-01-13T21:40:46","date_gmt":"2022-01-13T21:40:46","guid":{"rendered":"https:\/\/safeimpactwindows.com\/?post_type=product&#038;p=337"},"modified":"2022-01-28T02:19:09","modified_gmt":"2022-01-28T02:19:09","slug":"es-8000t-jumbo-vitrina-comercial","status":"publish","type":"product","link":"https:\/\/safeimpactwindows.com\/es\/producto\/es-8000t-jumbo-vitrina-comercial\/","title":{"rendered":"ES-8000T Jumbo Vitrina Comercial"},"content":{"rendered":"","protected":false},"excerpt":{"rendered":"<p><span style=\"font-weight: 400;\">La ES-8000T Jumbo es un sistema de vitrina t\u00e9rmica resistente a los impactos. Este producto se a\u00edsla con pour and debridge para un rendimiento t\u00e9rmico superior. El sistema de vitrina ES-8000T Jumbo es compatible con la puerta de impacto ES-9000. <\/span><\/p>\n<p><span style=\"font-weight: 400;\">Altamente resistente a impactos, no solo protegen tu hogar del viento y escombros sueltos, sino tambi\u00e9n ayudan a conservar energ\u00eda, al permitirte usar menos calor o aire acondicionado para mantener la temperatura de tu hogar.<\/span><\/p>\n<p><span style=\"font-weight: 400;\"> Tama\u00f1o m\u00e1ximo del panel: 60\u201d ancho x 114\u201d alto , 48\u201d ancho x 144\u201d alto.<\/span><\/p>","protected":false},"featured_media":338,"comment_status":"open","ping_status":"closed","template":"","meta":{"_et_pb_use_builder":"","_et_pb_old_content":"","_et_gb_content_width":""},"product_brand":[],"product_cat":[23,20,21],"product_tag":[],"class_list":{"0":"post-337","1":"product","2":"type-product","3":"status-publish","4":"has-post-thumbnail","6":"product_cat-ventanas-prestige","7":"product_cat-productos-residenciales","8":"product_cat-ventanas-residenciales","10":"first","11":"instock","12":"virtual","13":"product-type-simple"},"_links":{"self":[{"href":"https:\/\/safeimpactwindows.com\/es\/wp-json\/wp\/v2\/product\/337","targetHints":{"allow":["GET"]}}],"collection":[{"href":"https:\/\/safeimpactwindows.com\/es\/wp-json\/wp\/v2\/product"}],"about":[{"href":"https:\/\/safeimpactwindows.com\/es\/wp-json\/wp\/v2\/types\/product"}],"replies":[{"embeddable":true,"href":"https:\/\/safeimpactwindows.com\/es\/wp-json\/wp\/v2\/comments?post=337"}],"wp:featuredmedia":[{"embeddable":true,"href":"https:\/\/safeimpactwindows.com\/es\/wp-json\/wp\/v2\/media\/338"}],"wp:attachment":[{"href":"https:\/\/safeimpactwindows.com\/es\/wp-json\/wp\/v2\/media?parent=337"}],"wp:term":[{"taxonomy":"product_brand","embeddable":true,"href":"https:\/\/safeimpactwindows.com\/es\/wp-json\/wp\/v2\/product_brand?post=337"},{"taxonomy":"product_cat","embeddable":true,"href":"https:\/\/safeimpactwindows.com\/es\/wp-json\/wp\/v2\/product_cat?post=337"},{"taxonomy":"product_tag","embeddable":true,"href":"https:\/\/safeimpactwindows.com\/es\/wp-json\/wp\/v2\/product_tag?post=337"}],"curies":[{"name":"wp","href":"https:\/\/api.w.org\/{rel}","templated":true}]}}