{"id":386,"date":"2022-01-14T18:15:54","date_gmt":"2022-01-14T18:15:54","guid":{"rendered":"https:\/\/safeimpactwindows.com\/?post_type=product&#038;p=386"},"modified":"2022-01-28T02:03:20","modified_gmt":"2022-01-28T02:03:20","slug":"es-5000-ventana-proyectante","status":"publish","type":"product","link":"https:\/\/safeimpactwindows.com\/es\/producto\/es-5000-ventana-proyectante\/","title":{"rendered":"ES-5000 Ventana Proyectante"},"content":{"rendered":"","protected":false},"excerpt":{"rendered":"<p><span style=\"font-weight: 400;\">ES-5000 es una ventana proyectante de 2 1\/8\u201d, reconocida por su f\u00e1cil sistema de operaci\u00f3n. Est\u00e1 disponible en una amplia variedad de opciones de vidrio, que proporcionan flexibilidad en el dise\u00f1o. <\/span><\/p>\n<p><span style=\"font-weight: 400;\">Tama\u00f1o m\u00e1ximo: 37\" ancho x 74 1\/4\" alto X , 74\" ancho x 74 1\/4\" alto XX.<\/span><\/p>","protected":false},"featured_media":387,"comment_status":"open","ping_status":"closed","template":"","meta":{"_et_pb_use_builder":"","_et_pb_old_content":"","_et_gb_content_width":""},"product_brand":[],"product_cat":[26],"product_tag":[],"class_list":{"0":"post-386","1":"product","2":"type-product","3":"status-publish","4":"has-post-thumbnail","6":"product_cat-ventanas-elite","8":"first","9":"instock","10":"virtual","11":"product-type-simple"},"_links":{"self":[{"href":"https:\/\/safeimpactwindows.com\/es\/wp-json\/wp\/v2\/product\/386","targetHints":{"allow":["GET"]}}],"collection":[{"href":"https:\/\/safeimpactwindows.com\/es\/wp-json\/wp\/v2\/product"}],"about":[{"href":"https:\/\/safeimpactwindows.com\/es\/wp-json\/wp\/v2\/types\/product"}],"replies":[{"embeddable":true,"href":"https:\/\/safeimpactwindows.com\/es\/wp-json\/wp\/v2\/comments?post=386"}],"wp:featuredmedia":[{"embeddable":true,"href":"https:\/\/safeimpactwindows.com\/es\/wp-json\/wp\/v2\/media\/387"}],"wp:attachment":[{"href":"https:\/\/safeimpactwindows.com\/es\/wp-json\/wp\/v2\/media?parent=386"}],"wp:term":[{"taxonomy":"product_brand","embeddable":true,"href":"https:\/\/safeimpactwindows.com\/es\/wp-json\/wp\/v2\/product_brand?post=386"},{"taxonomy":"product_cat","embeddable":true,"href":"https:\/\/safeimpactwindows.com\/es\/wp-json\/wp\/v2\/product_cat?post=386"},{"taxonomy":"product_tag","embeddable":true,"href":"https:\/\/safeimpactwindows.com\/es\/wp-json\/wp\/v2\/product_tag?post=386"}],"curies":[{"name":"wp","href":"https:\/\/api.w.org\/{rel}","templated":true}]}}