{"id":393,"date":"2022-01-14T18:20:53","date_gmt":"2022-01-14T18:20:53","guid":{"rendered":"https:\/\/safeimpactwindows.com\/?post_type=product&#038;p=393"},"modified":"2022-01-28T02:08:19","modified_gmt":"2022-01-28T02:08:19","slug":"es-9000-impact-door-puerta-batiente","status":"publish","type":"product","link":"https:\/\/safeimpactwindows.com\/es\/producto\/es-9000-impact-door-puerta-batiente\/","title":{"rendered":"ES-9000 Impact Door Puerta Batiente:"},"content":{"rendered":"","protected":false},"excerpt":{"rendered":"<p><span style=\"font-weight: 400;\">La puerta de entrada ES-9000 es una puerta con clasificaci\u00f3n de impacto que funciona tanto hacia afuera como hacia adentro. Sus perfiles permiten tama\u00f1os m\u00e1ximos con l\u00edneas modernas que lo hacen ideal para entradas. <\/span><\/p>\n<p><span style=\"font-weight: 400;\">Anti hurac\u00e1n. <\/span><\/p>\n<p><span style=\"font-weight: 400;\">Tama\u00f1o m\u00e1ximo para puerta sencilla: 53\u201d ancho x 120\u201d alto. Tama\u00f1o m\u00e1ximo para puerta doble: 101\u201d ancho x 120\u201d alto.<\/span><\/p>\n<p>&nbsp;<\/p>","protected":false},"featured_media":394,"comment_status":"open","ping_status":"closed","template":"","meta":{"_et_pb_use_builder":"","_et_pb_old_content":"","_et_gb_content_width":""},"product_brand":[],"product_cat":[24],"product_tag":[],"class_list":{"0":"post-393","1":"product","2":"type-product","3":"status-publish","4":"has-post-thumbnail","6":"product_cat-puertas-prestige","8":"first","9":"instock","10":"virtual","11":"product-type-simple"},"_links":{"self":[{"href":"https:\/\/safeimpactwindows.com\/es\/wp-json\/wp\/v2\/product\/393","targetHints":{"allow":["GET"]}}],"collection":[{"href":"https:\/\/safeimpactwindows.com\/es\/wp-json\/wp\/v2\/product"}],"about":[{"href":"https:\/\/safeimpactwindows.com\/es\/wp-json\/wp\/v2\/types\/product"}],"replies":[{"embeddable":true,"href":"https:\/\/safeimpactwindows.com\/es\/wp-json\/wp\/v2\/comments?post=393"}],"wp:featuredmedia":[{"embeddable":true,"href":"https:\/\/safeimpactwindows.com\/es\/wp-json\/wp\/v2\/media\/394"}],"wp:attachment":[{"href":"https:\/\/safeimpactwindows.com\/es\/wp-json\/wp\/v2\/media?parent=393"}],"wp:term":[{"taxonomy":"product_brand","embeddable":true,"href":"https:\/\/safeimpactwindows.com\/es\/wp-json\/wp\/v2\/product_brand?post=393"},{"taxonomy":"product_cat","embeddable":true,"href":"https:\/\/safeimpactwindows.com\/es\/wp-json\/wp\/v2\/product_cat?post=393"},{"taxonomy":"product_tag","embeddable":true,"href":"https:\/\/safeimpactwindows.com\/es\/wp-json\/wp\/v2\/product_tag?post=393"}],"curies":[{"name":"wp","href":"https:\/\/api.w.org\/{rel}","templated":true}]}}