{"id":397,"date":"2022-01-14T18:23:48","date_gmt":"2022-01-14T18:23:48","guid":{"rendered":"https:\/\/safeimpactwindows.com\/?post_type=product&#038;p=397"},"modified":"2022-01-28T01:58:26","modified_gmt":"2022-01-28T01:58:26","slug":"es-sgd-2020-puerta-corrediza","status":"publish","type":"product","link":"https:\/\/safeimpactwindows.com\/es\/producto\/es-sgd-2020-puerta-corrediza\/","title":{"rendered":"ES-SGD 2020 Puerta Corrediza"},"content":{"rendered":"","protected":false},"excerpt":{"rendered":"<p><span style=\"font-weight: 400;\">ES-SGD 2020 es una puerta de vidrio corrediza resistente a impactos con l\u00edneas de visi\u00f3n m\u00ednimas para permitir una vista m\u00e1s clara. <\/span><\/p>\n<p><span style=\"font-weight: 400;\">Anti hurac\u00e1n. <\/span><\/p>\n<p><span style=\"font-weight: 400;\">Tama\u00f1o m\u00e1ximo del panel: 72\u201d ancho x 120\u201d alto , 60\u201d ancho x 144\u201d alto.\u00a0<\/span><\/p>","protected":false},"featured_media":398,"comment_status":"open","ping_status":"closed","template":"","meta":{"_et_pb_use_builder":"","_et_pb_old_content":"","_et_gb_content_width":""},"product_brand":[],"product_cat":[24],"product_tag":[],"class_list":{"0":"post-397","1":"product","2":"type-product","3":"status-publish","4":"has-post-thumbnail","6":"product_cat-puertas-prestige","8":"first","9":"instock","10":"virtual","11":"product-type-simple"},"_links":{"self":[{"href":"https:\/\/safeimpactwindows.com\/es\/wp-json\/wp\/v2\/product\/397","targetHints":{"allow":["GET"]}}],"collection":[{"href":"https:\/\/safeimpactwindows.com\/es\/wp-json\/wp\/v2\/product"}],"about":[{"href":"https:\/\/safeimpactwindows.com\/es\/wp-json\/wp\/v2\/types\/product"}],"replies":[{"embeddable":true,"href":"https:\/\/safeimpactwindows.com\/es\/wp-json\/wp\/v2\/comments?post=397"}],"wp:featuredmedia":[{"embeddable":true,"href":"https:\/\/safeimpactwindows.com\/es\/wp-json\/wp\/v2\/media\/398"}],"wp:attachment":[{"href":"https:\/\/safeimpactwindows.com\/es\/wp-json\/wp\/v2\/media?parent=397"}],"wp:term":[{"taxonomy":"product_brand","embeddable":true,"href":"https:\/\/safeimpactwindows.com\/es\/wp-json\/wp\/v2\/product_brand?post=397"},{"taxonomy":"product_cat","embeddable":true,"href":"https:\/\/safeimpactwindows.com\/es\/wp-json\/wp\/v2\/product_cat?post=397"},{"taxonomy":"product_tag","embeddable":true,"href":"https:\/\/safeimpactwindows.com\/es\/wp-json\/wp\/v2\/product_tag?post=397"}],"curies":[{"name":"wp","href":"https:\/\/api.w.org\/{rel}","templated":true}]}}