{"id":401,"date":"2022-01-14T18:32:20","date_gmt":"2022-01-14T18:32:20","guid":{"rendered":"https:\/\/safeimpactwindows.com\/?post_type=product&#038;p=401"},"modified":"2022-01-28T01:53:14","modified_gmt":"2022-01-28T01:53:14","slug":"es-sgd-2040-puerta-corrediza","status":"publish","type":"product","link":"https:\/\/safeimpactwindows.com\/es\/producto\/es-sgd-2040-puerta-corrediza\/","title":{"rendered":"ES-SGD 2040 Puerta Corrediza"},"content":{"rendered":"","protected":false},"excerpt":{"rendered":"<p><span style=\"font-weight: 400;\">La puerta corrediza de vidrio ES-SGD2040 ProSlide utiliza un hardware exclusivo dise\u00f1ado para su m\u00e1xima protecci\u00f3n y facilidad de operaci\u00f3n. Nuestro sillar de poca altura proporciona un f\u00e1cil acceso. <\/span><\/p>\n<p><span style=\"font-weight: 400;\">Este sistema cumple con los est\u00e1ndares de hurac\u00e1n para la resistencia a la intrusi\u00f3n del agua. <\/span><\/p>\n<p><span style=\"font-weight: 400;\">Tama\u00f1o m\u00e1ximo del marco: 281 1\/2\u201d ancho x 120\u201d alto.<\/span><\/p>","protected":false},"featured_media":402,"comment_status":"open","ping_status":"closed","template":"","meta":{"_et_pb_use_builder":"","_et_pb_old_content":"","_et_gb_content_width":""},"product_brand":[],"product_cat":[24],"product_tag":[],"class_list":{"0":"post-401","1":"product","2":"type-product","3":"status-publish","4":"has-post-thumbnail","6":"product_cat-puertas-prestige","8":"first","9":"instock","10":"virtual","11":"product-type-simple"},"_links":{"self":[{"href":"https:\/\/safeimpactwindows.com\/es\/wp-json\/wp\/v2\/product\/401","targetHints":{"allow":["GET"]}}],"collection":[{"href":"https:\/\/safeimpactwindows.com\/es\/wp-json\/wp\/v2\/product"}],"about":[{"href":"https:\/\/safeimpactwindows.com\/es\/wp-json\/wp\/v2\/types\/product"}],"replies":[{"embeddable":true,"href":"https:\/\/safeimpactwindows.com\/es\/wp-json\/wp\/v2\/comments?post=401"}],"wp:featuredmedia":[{"embeddable":true,"href":"https:\/\/safeimpactwindows.com\/es\/wp-json\/wp\/v2\/media\/402"}],"wp:attachment":[{"href":"https:\/\/safeimpactwindows.com\/es\/wp-json\/wp\/v2\/media?parent=401"}],"wp:term":[{"taxonomy":"product_brand","embeddable":true,"href":"https:\/\/safeimpactwindows.com\/es\/wp-json\/wp\/v2\/product_brand?post=401"},{"taxonomy":"product_cat","embeddable":true,"href":"https:\/\/safeimpactwindows.com\/es\/wp-json\/wp\/v2\/product_cat?post=401"},{"taxonomy":"product_tag","embeddable":true,"href":"https:\/\/safeimpactwindows.com\/es\/wp-json\/wp\/v2\/product_tag?post=401"}],"curies":[{"name":"wp","href":"https:\/\/api.w.org\/{rel}","templated":true}]}}